{"id":16171,"date":"2026-03-10T09:09:53","date_gmt":"2026-03-10T07:09:53","guid":{"rendered":"https:\/\/dev.skrivanek.lt\/company-principles-and-goals\/"},"modified":"2026-03-10T09:41:46","modified_gmt":"2026-03-10T07:41:46","slug":"company-principles-and-goals","status":"publish","type":"page","link":"https:\/\/skrivanek.lt\/en\/quality-and-safety\/company-principles-and-goals\/","title":{"rendered":"Company Principles and Goals"},"content":{"rendered":"<div class=\"wpb-content-wrapper\"><p>[vc_row][vc_column][vc_empty_space height=&#8221;50px&#8221;][\/vc_column][\/vc_row][vc_row][vc_column width=&#8221;1\/3&#8243;][vc_single_image image=&#8221;16157&#8243; img_size=&#8221;full&#8221; alignment=&#8221;center&#8221; onclick=&#8221;custom_link&#8221; img_link_target=&#8221;_blank&#8221; css=&#8221;&#8221; link=&#8221;https:\/\/skrivanek.lt\/wp-content\/uploads\/2026\/03\/Quality-Environmental-Management-Policy.pdf&#8221;][vc_custom_heading text=&#8221;Quality &amp; Environment Management Policy&#8221; font_container=&#8221;tag:h2|font_size:22px|text_align:center|line_height:1.5em&#8221; use_theme_fonts=&#8221;yes&#8221; css=&#8221;.vc_custom_1773126221443{margin-top: 15px !important;margin-bottom: 10px !important;}&#8221; link=&#8221;url:https%3A%2F%2Fskrivanek.lt%2Fwp-content%2Fuploads%2F2026%2F03%2FQuality-Environmental-Management-Policy.pdf|target:_blank|&#8221;][\/vc_column][vc_column width=&#8221;1\/3&#8243;][vc_single_image image=&#8221;16153&#8243; img_size=&#8221;full&#8221; alignment=&#8221;center&#8221; onclick=&#8221;custom_link&#8221; img_link_target=&#8221;_blank&#8221; css=&#8221;&#8221; link=&#8221;https:\/\/skrivanek.lt\/wp-content\/uploads\/2026\/03\/Information-Security-Policy.pdf&#8221;][vc_custom_heading text=&#8221;Information Security Policy&#8221; font_container=&#8221;tag:h2|font_size:22px|text_align:center|line_height:1.5em&#8221; use_theme_fonts=&#8221;yes&#8221; css=&#8221;.vc_custom_1773126255122{margin-top: 15px !important;margin-bottom: 10px !important;}&#8221; link=&#8221;url:https%3A%2F%2Fskrivanek.lt%2Fwp-content%2Fuploads%2F2026%2F03%2FInformation-Security-Policy.pdf|target:_blank|&#8221;][\/vc_column][vc_column width=&#8221;1\/3&#8243;][vc_single_image image=&#8221;16149&#8243; img_size=&#8221;full&#8221; alignment=&#8221;center&#8221; onclick=&#8221;custom_link&#8221; img_link_target=&#8221;_blank&#8221; css=&#8221;&#8221; link=&#8221;https:\/\/skrivanek.lt\/wp-content\/uploads\/2026\/03\/Employees-Suppliers-Business-Partners-Policy.pdf&#8221;][vc_custom_heading text=&#8221;Employees, Suppliers &amp; Business Partners Policy&#8221; font_container=&#8221;tag:h2|font_size:22px|text_align:center|line_height:1.5em&#8221; use_theme_fonts=&#8221;yes&#8221; css=&#8221;.vc_custom_1773126289841{margin-top: 15px !important;margin-bottom: 10px !important;}&#8221; link=&#8221;url:https%3A%2F%2Fskrivanek.lt%2Fwp-content%2Fuploads%2F2026%2F03%2FEmployees-Suppliers-Business-Partners-Policy.pdf|target:_blank|&#8221;][\/vc_column][\/vc_row][vc_row][vc_column][vc_empty_space height=&#8221;50px&#8221;][\/vc_column][\/vc_row]<\/p>\n<\/div>","protected":false},"excerpt":{"rendered":"<p>[vc_row][vc_column][vc_empty_space height=&#8221;50px&#8221;][\/vc_column][\/vc_row][vc_row][vc_column width=&#8221;1\/3&#8243;][vc_single_image image=&#8221;16157&#8243; img_size=&#8221;full&#8221; alignment=&#8221;center&#8221; onclick=&#8221;custom_link&#8221; img_link_target=&#8221;_blank&#8221; css=&#8221;&#8221; link=&#8221;https:\/\/skrivanek.lt\/wp-content\/uploads\/2026\/03\/Quality-Environmental-Management-Policy.pdf&#8221;][vc_custom_heading text=&#8221;Quality &amp; Environment Management Policy&#8221; font_container=&#8221;tag:h2|font_size:22px|text_align:center|line_height:1.5em&#8221; use_theme_fonts=&#8221;yes&#8221; css=&#8221;.vc_custom_1773126221443{margin-top: 15px !important;margin-bottom:&#8230;<\/p>\n","protected":false},"author":1,"featured_media":0,"parent":16194,"menu_order":0,"comment_status":"closed","ping_status":"closed","template":"","meta":{"footnotes":""},"class_list":["post-16171","page","type-page","status-publish"],"yoast_head":"<!-- This site is optimized with the Yoast SEO plugin v27.3 - https:\/\/yoast.com\/product\/yoast-seo-wordpress\/ -->\n<title>Company Principles and Goals - Skrivanek<\/title>\n<meta name=\"description\" content=\"Learn more about our company\u2019s principles and goals, which ensure the highest quality of services and meet your expectations.\" \/>\n<meta name=\"robots\" content=\"index, follow, max-snippet:-1, max-image-preview:large, max-video-preview:-1\" \/>\n<link rel=\"canonical\" href=\"https:\/\/skrivanek.lt\/en\/quality-and-safety\/company-principles-and-goals\/\" \/>\n<meta property=\"og:locale\" content=\"en_US\" \/>\n<meta property=\"og:type\" content=\"article\" \/>\n<meta property=\"og:title\" content=\"Company Principles and Goals - Skrivanek\" \/>\n<meta property=\"og:description\" content=\"Learn more about our company\u2019s principles and goals, which ensure the highest quality of services and meet your expectations.\" \/>\n<meta property=\"og:url\" content=\"https:\/\/skrivanek.lt\/en\/quality-and-safety\/company-principles-and-goals\/\" \/>\n<meta property=\"og:site_name\" content=\"Skrivanek\" \/>\n<meta property=\"article:modified_time\" content=\"2026-03-10T07:41:46+00:00\" \/>\n<meta name=\"twitter:card\" content=\"summary_large_image\" \/>\n<meta name=\"twitter:label1\" content=\"Est. reading time\" \/>\n\t<meta name=\"twitter:data1\" content=\"1 minute\" \/>\n<script type=\"application\/ld+json\" class=\"yoast-schema-graph\">{\"@context\":\"https:\\\/\\\/schema.org\",\"@graph\":[{\"@type\":\"WebPage\",\"@id\":\"https:\\\/\\\/skrivanek.lt\\\/en\\\/quality-and-safety\\\/company-principles-and-goals\\\/\",\"url\":\"https:\\\/\\\/skrivanek.lt\\\/en\\\/quality-and-safety\\\/company-principles-and-goals\\\/\",\"name\":\"Company Principles and Goals - Skrivanek\",\"isPartOf\":{\"@id\":\"https:\\\/\\\/skrivanek.lt\\\/en\\\/#website\"},\"datePublished\":\"2026-03-10T07:09:53+00:00\",\"dateModified\":\"2026-03-10T07:41:46+00:00\",\"description\":\"Learn more about our company\u2019s principles and goals, which ensure the highest quality of services and meet your expectations.\",\"breadcrumb\":{\"@id\":\"https:\\\/\\\/skrivanek.lt\\\/en\\\/quality-and-safety\\\/company-principles-and-goals\\\/#breadcrumb\"},\"inLanguage\":\"en-US\",\"potentialAction\":[{\"@type\":\"ReadAction\",\"target\":[\"https:\\\/\\\/skrivanek.lt\\\/en\\\/quality-and-safety\\\/company-principles-and-goals\\\/\"]}]},{\"@type\":\"BreadcrumbList\",\"@id\":\"https:\\\/\\\/skrivanek.lt\\\/en\\\/quality-and-safety\\\/company-principles-and-goals\\\/#breadcrumb\",\"itemListElement\":[{\"@type\":\"ListItem\",\"position\":1,\"name\":\"Quality and Safety\",\"item\":\"https:\\\/\\\/skrivanek.lt\\\/en\\\/kokybe-ir-saugumas\\\/\"},{\"@type\":\"ListItem\",\"position\":2,\"name\":\"Company Principles and Goals\"}]},{\"@type\":\"WebSite\",\"@id\":\"https:\\\/\\\/skrivanek.lt\\\/en\\\/#website\",\"url\":\"https:\\\/\\\/skrivanek.lt\\\/en\\\/\",\"name\":\"Skrivanek\",\"description\":\"Kalbini\u0173 paslaug\u0173 \u012fmon\u0117\",\"potentialAction\":[{\"@type\":\"SearchAction\",\"target\":{\"@type\":\"EntryPoint\",\"urlTemplate\":\"https:\\\/\\\/skrivanek.lt\\\/en\\\/?s={search_term_string}\"},\"query-input\":{\"@type\":\"PropertyValueSpecification\",\"valueRequired\":true,\"valueName\":\"search_term_string\"}}],\"inLanguage\":\"en-US\"}]}<\/script>\n<!-- \/ Yoast SEO plugin. -->","yoast_head_json":{"title":"Company Principles and Goals - Skrivanek","description":"Learn more about our company\u2019s principles and goals, which ensure the highest quality of services and meet your expectations.","robots":{"index":"index","follow":"follow","max-snippet":"max-snippet:-1","max-image-preview":"max-image-preview:large","max-video-preview":"max-video-preview:-1"},"canonical":"https:\/\/skrivanek.lt\/en\/quality-and-safety\/company-principles-and-goals\/","og_locale":"en_US","og_type":"article","og_title":"Company Principles and Goals - Skrivanek","og_description":"Learn more about our company\u2019s principles and goals, which ensure the highest quality of services and meet your expectations.","og_url":"https:\/\/skrivanek.lt\/en\/quality-and-safety\/company-principles-and-goals\/","og_site_name":"Skrivanek","article_modified_time":"2026-03-10T07:41:46+00:00","twitter_card":"summary_large_image","twitter_misc":{"Est. reading time":"1 minute"},"schema":{"@context":"https:\/\/schema.org","@graph":[{"@type":"WebPage","@id":"https:\/\/skrivanek.lt\/en\/quality-and-safety\/company-principles-and-goals\/","url":"https:\/\/skrivanek.lt\/en\/quality-and-safety\/company-principles-and-goals\/","name":"Company Principles and Goals - Skrivanek","isPartOf":{"@id":"https:\/\/skrivanek.lt\/en\/#website"},"datePublished":"2026-03-10T07:09:53+00:00","dateModified":"2026-03-10T07:41:46+00:00","description":"Learn more about our company\u2019s principles and goals, which ensure the highest quality of services and meet your expectations.","breadcrumb":{"@id":"https:\/\/skrivanek.lt\/en\/quality-and-safety\/company-principles-and-goals\/#breadcrumb"},"inLanguage":"en-US","potentialAction":[{"@type":"ReadAction","target":["https:\/\/skrivanek.lt\/en\/quality-and-safety\/company-principles-and-goals\/"]}]},{"@type":"BreadcrumbList","@id":"https:\/\/skrivanek.lt\/en\/quality-and-safety\/company-principles-and-goals\/#breadcrumb","itemListElement":[{"@type":"ListItem","position":1,"name":"Quality and Safety","item":"https:\/\/skrivanek.lt\/en\/kokybe-ir-saugumas\/"},{"@type":"ListItem","position":2,"name":"Company Principles and Goals"}]},{"@type":"WebSite","@id":"https:\/\/skrivanek.lt\/en\/#website","url":"https:\/\/skrivanek.lt\/en\/","name":"Skrivanek","description":"Kalbini\u0173 paslaug\u0173 \u012fmon\u0117","potentialAction":[{"@type":"SearchAction","target":{"@type":"EntryPoint","urlTemplate":"https:\/\/skrivanek.lt\/en\/?s={search_term_string}"},"query-input":{"@type":"PropertyValueSpecification","valueRequired":true,"valueName":"search_term_string"}}],"inLanguage":"en-US"}]}},"_links":{"self":[{"href":"https:\/\/skrivanek.lt\/en\/wp-json\/wp\/v2\/pages\/16171","targetHints":{"allow":["GET"]}}],"collection":[{"href":"https:\/\/skrivanek.lt\/en\/wp-json\/wp\/v2\/pages"}],"about":[{"href":"https:\/\/skrivanek.lt\/en\/wp-json\/wp\/v2\/types\/page"}],"author":[{"embeddable":true,"href":"https:\/\/skrivanek.lt\/en\/wp-json\/wp\/v2\/users\/1"}],"replies":[{"embeddable":true,"href":"https:\/\/skrivanek.lt\/en\/wp-json\/wp\/v2\/comments?post=16171"}],"version-history":[{"count":4,"href":"https:\/\/skrivanek.lt\/en\/wp-json\/wp\/v2\/pages\/16171\/revisions"}],"predecessor-version":[{"id":16176,"href":"https:\/\/skrivanek.lt\/en\/wp-json\/wp\/v2\/pages\/16171\/revisions\/16176"}],"up":[{"embeddable":true,"href":"https:\/\/skrivanek.lt\/en\/wp-json\/wp\/v2\/pages\/16194"}],"wp:attachment":[{"href":"https:\/\/skrivanek.lt\/en\/wp-json\/wp\/v2\/media?parent=16171"}],"curies":[{"name":"wp","href":"https:\/\/api.w.org\/{rel}","templated":true}]}}