{"id":16194,"date":"2026-03-10T09:41:44","date_gmt":"2026-03-10T07:41:44","guid":{"rendered":"https:\/\/dev.skrivanek.lt\/quality-and-safety\/"},"modified":"2026-03-10T09:43:08","modified_gmt":"2026-03-10T07:43:08","slug":"quality-and-safety","status":"publish","type":"page","link":"https:\/\/skrivanek.lt\/en\/quality-and-safety\/","title":{"rendered":"Quality and Safety"},"content":{"rendered":"<div class=\"wpb-content-wrapper\"><p>[vc_row full_width=&#8221;stretch_row_content&#8221; css=&#8221;.vc_custom_1771503368907{padding-right: 150px !important;padding-left: 150px !important;}&#8221; tablet_padding_left=&#8221;20&#8243; tablet_padding_right=&#8221;20&#8243; mobile_padding_left=&#8221;20&#8243; mobile_padding_right=&#8221;20&#8243;][vc_column width=&#8221;1\/2&#8243;][vc_custom_heading text=&#8221;How Is It Applied In Practice?&#8221; font_container=&#8221;tag:h2|font_size:30px|text_align:left|color:%23FF643B|line_height:1.3em&#8221; use_theme_fonts=&#8221;yes&#8221; css=&#8221;.vc_custom_1771503443990{margin-bottom: 10px !important;}&#8221;]<div class=\"gem-list gem-list-type-double-arrow gem-list-color-5\" ><ul>\n<li data-start=\"786\" data-end=\"845\">We follow clearly defined service delivery procedures<\/li>\n<li data-start=\"848\" data-end=\"901\">Our services meet the highest quality standards<\/li>\n<li data-start=\"904\" data-end=\"996\">Our employees and partners strictly adhere to confidentiality and quality requirements<\/li>\n<li data-start=\"999\" data-end=\"1080\">All client-related information is protected against loss, theft, and misuse<\/li>\n<li data-start=\"999\" data-end=\"1080\">We carefully select language professionals for collaboration<\/li>\n<li data-start=\"1152\" data-end=\"1253\">We use environmentally friendly technologies and materials and practice responsible waste sorting<\/li>\n<\/ul>\n<\/div>[\/vc_column][vc_column width=&#8221;1\/2&#8243;][vc_custom_heading text=&#8221;Everything Is Confirmend By Documentation&#8221; font_container=&#8221;tag:h2|font_size:30px|text_align:left|color:%23FF643B|line_height:1.3em&#8221; use_theme_fonts=&#8221;yes&#8221; css=&#8221;.vc_custom_1771503456905{margin-bottom: 10px !important;}&#8221;][vc_column_text]In order to improve the quality of the services we provide, strengthen our position in the market, and ensure the safety of information and environment, we have implemented the newest management systems. The Skrivanek Group has become the first company in central and eastern Europe to provide language services that correspond with the quality management standard EN ISO 9001 completely. We were also granted the \u201cT\u00dcV Suddeutschland Holding\u201d certificate in 2002.<\/p>\n<p>The certificate EN 17100:2015 which was granted to us confirms that the quality system of the company corresponds with the standards set for the field of translation.<\/p>\n<p>We are an environmentally friendly company. As a result, we have implemented an environmental management system, that corresponds with the requirements set by the standard EN ISO 14001:2015.<\/p>\n<p>In order to ensure the safety of the data we process; we have implemented an information safety management system that corresponds with the requirements set by the standard EN ISO\/IEC 27001:2013.[\/vc_column_text][\/vc_column][\/vc_row][vc_row full_width=&#8221;stretch_row_content&#8221; gap=&#8221;30&#8243; equal_height=&#8221;yes&#8221; css=&#8221;.vc_custom_1771503403446{padding-right: 150px !important;padding-left: 150px !important;}&#8221; tablet_padding_left=&#8221;20&#8243; tablet_padding_right=&#8221;20&#8243; mobile_padding_left=&#8221;20&#8243; mobile_padding_right=&#8221;20&#8243;][vc_column width=&#8221;1\/2&#8243; css=&#8221;.vc_custom_1771503294930{padding-top: 20px !important;padding-right: 20px !important;padding-bottom: 20px !important;padding-left: 20px !important;background-color: #FAF6F1 !important;}&#8221;][vc_column_text]<\/p>\n<p style=\"text-align: center;\"><strong>ISO\/IEC 27001:2013<br \/>\n<\/strong><strong>Information safety management system<\/strong><\/p>\n<p>The implementation of the information safety management system EN ISO\/IEC 27001:2013 confirms that our company uses tools for ensuring the safety of data. We guarantee safety and confidentiality of information, so our clients and partners can entrust us with their sensitive and confidential documents.[\/vc_column_text][\/vc_column][vc_column width=&#8221;1\/2&#8243; css=&#8221;.vc_custom_1771503302855{padding-top: 20px !important;padding-right: 20px !important;padding-bottom: 20px !important;padding-left: 20px !important;background-color: #FAF6F1 !important;}&#8221;][vc_column_text]<\/p>\n<p style=\"text-align: center;\"><strong>EN ISO 14001:2015<br \/>\n<\/strong><strong>Environmental management system<\/strong><\/p>\n<p>The implementation of EN ISO 14001:2015 certificate confirms that our company is environmentally friendly, including the use of ecological technology and materials at work, recycling trash, and only printing necessary documents.[\/vc_column_text][\/vc_column][\/vc_row][vc_row full_width=&#8221;stretch_row_content&#8221; gap=&#8221;30&#8243; equal_height=&#8221;yes&#8221; css=&#8221;.vc_custom_1771503416035{padding-right: 150px !important;padding-left: 150px !important;}&#8221; tablet_padding_left=&#8221;20&#8243; tablet_padding_right=&#8221;20&#8243; mobile_padding_left=&#8221;20&#8243; mobile_padding_right=&#8221;20&#8243;][vc_column width=&#8221;1\/2&#8243; css=&#8221;.vc_custom_1771503310591{padding-top: 20px !important;padding-right: 20px !important;padding-bottom: 20px !important;padding-left: 20px !important;background-color: #FAF6F1 !important;}&#8221;][vc_column_text]<\/p>\n<p style=\"text-align: center;\"><strong>EN ISO 9001:2015<br \/>\n<\/strong><strong>Quality management system<\/strong><\/p>\n<p>The implementation of the quality management system EN ISO 9001:2015 confirms that the company committed to and executed the necessary processes that guarantee that clients\u2018 needs are met, and the quality of services provided corresponds with the requirements.[\/vc_column_text][\/vc_column][vc_column width=&#8221;1\/2&#8243; css=&#8221;.vc_custom_1771503318034{padding-top: 20px !important;padding-right: 20px !important;padding-bottom: 20px !important;padding-left: 20px !important;background-color: #FAF6F1 !important;}&#8221;][vc_column_text]<\/p>\n<p style=\"text-align: center;\"><strong>EN 17100:2015<br \/>\n<\/strong><strong>Translation process management system<\/strong><\/p>\n<p>We work in accordance with the translation process management standard EN 17100:2015. This standard establishes translator requirements for translator recruitment, communication with clients, and project management. The process management standard also covers other work procedures, the use of technology etc.[\/vc_column_text][\/vc_column][\/vc_row]<\/p>\n<\/div>","protected":false},"excerpt":{"rendered":"<p>[vc_row full_width=&#8221;stretch_row_content&#8221; css=&#8221;.vc_custom_1771503368907{padding-right: 150px !important;padding-left: 150px !important;}&#8221; tablet_padding_left=&#8221;20&#8243; tablet_padding_right=&#8221;20&#8243; mobile_padding_left=&#8221;20&#8243; mobile_padding_right=&#8221;20&#8243;][vc_column width=&#8221;1\/2&#8243;][vc_custom_heading text=&#8221;How Is It Applied In Practice?&#8221; font_container=&#8221;tag:h2|font_size:30px|text_align:left|color:%23FF643B|line_height:1.3em&#8221; use_theme_fonts=&#8221;yes&#8221;&#8230;<\/p>\n","protected":false},"author":1,"featured_media":0,"parent":0,"menu_order":0,"comment_status":"closed","ping_status":"closed","template":"","meta":{"footnotes":""},"class_list":["post-16194","page","type-page","status-publish"],"yoast_head":"<!-- This site is optimized with the Yoast SEO plugin v27.3 - https:\/\/yoast.com\/product\/yoast-seo-wordpress\/ -->\n<title>Quality and Safety - Skrivanek<\/title>\n<meta name=\"description\" content=\"Skrivanek\u2019s services meet the highest standards. Quality and security are fundamental when handling the translation of both personal and business data.\" \/>\n<meta name=\"robots\" content=\"index, follow, max-snippet:-1, max-image-preview:large, max-video-preview:-1\" \/>\n<link rel=\"canonical\" href=\"https:\/\/skrivanek.lt\/en\/quality-and-safety\/\" \/>\n<meta property=\"og:locale\" content=\"en_US\" \/>\n<meta property=\"og:type\" content=\"article\" \/>\n<meta property=\"og:title\" content=\"Quality and Safety - Skrivanek\" \/>\n<meta property=\"og:description\" content=\"Skrivanek\u2019s services meet the highest standards. Quality and security are fundamental when handling the translation of both personal and business data.\" \/>\n<meta property=\"og:url\" content=\"https:\/\/skrivanek.lt\/en\/quality-and-safety\/\" \/>\n<meta property=\"og:site_name\" content=\"Skrivanek\" \/>\n<meta property=\"article:modified_time\" content=\"2026-03-10T07:43:08+00:00\" \/>\n<meta name=\"twitter:card\" content=\"summary_large_image\" \/>\n<meta name=\"twitter:label1\" content=\"Est. reading time\" \/>\n\t<meta name=\"twitter:data1\" content=\"3 minutes\" \/>\n<script type=\"application\/ld+json\" class=\"yoast-schema-graph\">{\"@context\":\"https:\\\/\\\/schema.org\",\"@graph\":[{\"@type\":\"WebPage\",\"@id\":\"https:\\\/\\\/skrivanek.lt\\\/en\\\/quality-and-safety\\\/\",\"url\":\"https:\\\/\\\/skrivanek.lt\\\/en\\\/quality-and-safety\\\/\",\"name\":\"Quality and Safety - Skrivanek\",\"isPartOf\":{\"@id\":\"https:\\\/\\\/skrivanek.lt\\\/en\\\/#website\"},\"datePublished\":\"2026-03-10T07:41:44+00:00\",\"dateModified\":\"2026-03-10T07:43:08+00:00\",\"description\":\"Skrivanek\u2019s services meet the highest standards. Quality and security are fundamental when handling the translation of both personal and business data.\",\"inLanguage\":\"en-US\",\"potentialAction\":[{\"@type\":\"ReadAction\",\"target\":[\"https:\\\/\\\/skrivanek.lt\\\/en\\\/quality-and-safety\\\/\"]}]},{\"@type\":\"WebSite\",\"@id\":\"https:\\\/\\\/skrivanek.lt\\\/en\\\/#website\",\"url\":\"https:\\\/\\\/skrivanek.lt\\\/en\\\/\",\"name\":\"Skrivanek\",\"description\":\"Kalbini\u0173 paslaug\u0173 \u012fmon\u0117\",\"potentialAction\":[{\"@type\":\"SearchAction\",\"target\":{\"@type\":\"EntryPoint\",\"urlTemplate\":\"https:\\\/\\\/skrivanek.lt\\\/en\\\/?s={search_term_string}\"},\"query-input\":{\"@type\":\"PropertyValueSpecification\",\"valueRequired\":true,\"valueName\":\"search_term_string\"}}],\"inLanguage\":\"en-US\"}]}<\/script>\n<!-- \/ Yoast SEO plugin. -->","yoast_head_json":{"title":"Quality and Safety - Skrivanek","description":"Skrivanek\u2019s services meet the highest standards. Quality and security are fundamental when handling the translation of both personal and business data.","robots":{"index":"index","follow":"follow","max-snippet":"max-snippet:-1","max-image-preview":"max-image-preview:large","max-video-preview":"max-video-preview:-1"},"canonical":"https:\/\/skrivanek.lt\/en\/quality-and-safety\/","og_locale":"en_US","og_type":"article","og_title":"Quality and Safety - Skrivanek","og_description":"Skrivanek\u2019s services meet the highest standards. Quality and security are fundamental when handling the translation of both personal and business data.","og_url":"https:\/\/skrivanek.lt\/en\/quality-and-safety\/","og_site_name":"Skrivanek","article_modified_time":"2026-03-10T07:43:08+00:00","twitter_card":"summary_large_image","twitter_misc":{"Est. reading time":"3 minutes"},"schema":{"@context":"https:\/\/schema.org","@graph":[{"@type":"WebPage","@id":"https:\/\/skrivanek.lt\/en\/quality-and-safety\/","url":"https:\/\/skrivanek.lt\/en\/quality-and-safety\/","name":"Quality and Safety - Skrivanek","isPartOf":{"@id":"https:\/\/skrivanek.lt\/en\/#website"},"datePublished":"2026-03-10T07:41:44+00:00","dateModified":"2026-03-10T07:43:08+00:00","description":"Skrivanek\u2019s services meet the highest standards. Quality and security are fundamental when handling the translation of both personal and business data.","inLanguage":"en-US","potentialAction":[{"@type":"ReadAction","target":["https:\/\/skrivanek.lt\/en\/quality-and-safety\/"]}]},{"@type":"WebSite","@id":"https:\/\/skrivanek.lt\/en\/#website","url":"https:\/\/skrivanek.lt\/en\/","name":"Skrivanek","description":"Kalbini\u0173 paslaug\u0173 \u012fmon\u0117","potentialAction":[{"@type":"SearchAction","target":{"@type":"EntryPoint","urlTemplate":"https:\/\/skrivanek.lt\/en\/?s={search_term_string}"},"query-input":{"@type":"PropertyValueSpecification","valueRequired":true,"valueName":"search_term_string"}}],"inLanguage":"en-US"}]}},"_links":{"self":[{"href":"https:\/\/skrivanek.lt\/en\/wp-json\/wp\/v2\/pages\/16194","targetHints":{"allow":["GET"]}}],"collection":[{"href":"https:\/\/skrivanek.lt\/en\/wp-json\/wp\/v2\/pages"}],"about":[{"href":"https:\/\/skrivanek.lt\/en\/wp-json\/wp\/v2\/types\/page"}],"author":[{"embeddable":true,"href":"https:\/\/skrivanek.lt\/en\/wp-json\/wp\/v2\/users\/1"}],"replies":[{"embeddable":true,"href":"https:\/\/skrivanek.lt\/en\/wp-json\/wp\/v2\/comments?post=16194"}],"version-history":[{"count":7,"href":"https:\/\/skrivanek.lt\/en\/wp-json\/wp\/v2\/pages\/16194\/revisions"}],"predecessor-version":[{"id":16201,"href":"https:\/\/skrivanek.lt\/en\/wp-json\/wp\/v2\/pages\/16194\/revisions\/16201"}],"wp:attachment":[{"href":"https:\/\/skrivanek.lt\/en\/wp-json\/wp\/v2\/media?parent=16194"}],"curies":[{"name":"wp","href":"https:\/\/api.w.org\/{rel}","templated":true}]}}