{"id":16331,"date":"2026-03-21T20:42:29","date_gmt":"2026-03-21T18:42:29","guid":{"rendered":"https:\/\/skrivanek.lt\/skrivanek-logo\/"},"modified":"2026-03-21T20:43:06","modified_gmt":"2026-03-21T18:43:06","slug":"skrivanek-logo","status":"publish","type":"page","link":"https:\/\/skrivanek.lt\/en\/skrivanek-logo\/","title":{"rendered":"Skrivanek logo"},"content":{"rendered":"<div class=\"wpb-content-wrapper\"><p>[vc_row full_width=&#8221;stretch_row&#8221; gap=&#8221;15&#8243; css=&#8221;.vc_custom_1770800263803{margin-bottom: 30px !important;padding-bottom: 20px !important;padding-left: 35px !important;background-image: url(https:\/\/skrivanek.lt\/wp-content\/uploads\/2025\/12\/Website-Background.jpg?id=13952) !important;background-position: center !important;background-repeat: no-repeat !important;background-size: cover !important;}&#8221;][vc_column css=&#8221;.vc_custom_1764149026182{background-color: #FFFFFF00 !important;}&#8221;][vc_row_inner][vc_column_inner][vc_empty_space height=&#8221;20px&#8221;]<div class=\"thegem-te-heading thegem-custom-69df02a9209bd880\" ><h1 id=\"thegem-heading-69df02a92093f\" class=\"thegem-heading thegem-custom-heading-69df02a9209399083 title-xlarge vc_custom_1768465657075\" style=\"text-align: left;\" ><\/h1><style type=\"text\/css\">#thegem-heading-69df02a92093f {margin: 0;}#thegem-heading-69df02a92093f a:hover, #thegem-heading-69df02a92093f a:hover span.colored {color: var(--thegem-to-menu-level1-color-hover, #00BCD4) !important;}#thegem-heading-69df02a92093f, #thegem-heading-69df02a92093f .light {color: #FF643B;}<\/style><\/div><style>@media screen and (max-width: 1023px) {.thegem-heading.thegem-custom-heading-69df02a9209399083{display: block!important;}}@media screen and (max-width: 767px) {.thegem-heading.thegem-custom-heading-69df02a9209399083{display: block!important;}}@media screen and (max-width: 1023px) {.thegem-heading.thegem-custom-heading-69df02a9209399083{position: relative !important;}}@media screen and (max-width: 767px) {.thegem-heading.thegem-custom-heading-69df02a9209399083{position: relative !important;}}<\/style>[vc_empty_space height=&#8221;50px&#8221;][\/vc_column_inner][\/vc_row_inner][\/vc_column][\/vc_row][vc_row][vc_column width=&#8221;1\/2&#8243;]<div class=\"thegem-te-heading thegem-custom-69df02a920ad48939\" ><h2 id=\"thegem-heading-69df02a920aae\" class=\"thegem-heading thegem-custom-heading-69df02a920aad5259 title-h3\" style=\"text-align: left;\" ><span class=\"colored\" style=\"color: #FF643B;\">Please select and download logo that is suitable for you<\/span><\/h2><style type=\"text\/css\">#thegem-heading-69df02a920aae {margin: 0;}#thegem-heading-69df02a920aae a:hover, #thegem-heading-69df02a920aae a:hover span.colored {color: var(--thegem-to-menu-level1-color-hover, #00BCD4) !important;}<\/style><\/div><style>@media screen and (max-width: 1023px) {.thegem-heading.thegem-custom-heading-69df02a920aad5259{display: block!important;}}@media screen and (max-width: 767px) {.thegem-heading.thegem-custom-heading-69df02a920aad5259{display: block!important;}}@media screen and (max-width: 1023px) {.thegem-heading.thegem-custom-heading-69df02a920aad5259{position: relative !important;}}@media screen and (max-width: 767px) {.thegem-heading.thegem-custom-heading-69df02a920aad5259{position: relative !important;}}<\/style>[vc_empty_space height=&#8221;50px&#8221;][\/vc_column][vc_column width=&#8221;1\/4&#8243;]<div class=\"thegem-te-heading thegem-custom-69df02a920bc17458\" ><h3 id=\"thegem-heading-69df02a920b9b\" class=\"thegem-heading thegem-custom-heading-69df02a920b9a8781 title-h4\" style=\"text-align: left;\" ><a href=\"https:\/\/skrivanek.lt\/wp-content\/uploads\/2026\/03\/Skrivanek-logo_Orange-on-White-.png\" target=\"_blank\"><span class=\"colored\" style=\"text-decoration: underline; color: #4E172E;\">PNG format<\/span><\/a><\/h3><style type=\"text\/css\">#thegem-heading-69df02a920b9b {margin: 0;}#thegem-heading-69df02a920b9b a:hover, #thegem-heading-69df02a920b9b a:hover span.colored {color: var(--thegem-to-menu-level1-color-hover, #00BCD4) !important;}<\/style><\/div><style>@media screen and (max-width: 1023px) {.thegem-heading.thegem-custom-heading-69df02a920b9a8781{display: block!important;}}@media screen and (max-width: 767px) {.thegem-heading.thegem-custom-heading-69df02a920b9a8781{display: block!important;}}@media screen and (max-width: 1023px) {.thegem-heading.thegem-custom-heading-69df02a920b9a8781{position: relative !important;}}@media screen and (max-width: 767px) {.thegem-heading.thegem-custom-heading-69df02a920b9a8781{position: relative !important;}}<\/style><div class=\"thegem-te-heading thegem-custom-69df02a920caf410\" ><h3 id=\"thegem-heading-69df02a920c90\" class=\"thegem-heading thegem-custom-heading-69df02a920c8f7019 title-h4\" style=\"text-align: left;\" ><a href=\"https:\/\/skrivanek.lt\/wp-content\/uploads\/2026\/03\/Skrivanek-logo_Orange-on-White-.jpg\" target=\"_blank\"><span class=\"colored\" style=\"text-decoration: underline; color: #4E172E;\">JPG format<\/span><\/a><\/h3><style type=\"text\/css\">#thegem-heading-69df02a920c90 {margin: 0;}#thegem-heading-69df02a920c90 a:hover, #thegem-heading-69df02a920c90 a:hover span.colored {color: var(--thegem-to-menu-level1-color-hover, #00BCD4) !important;}<\/style><\/div><style>@media screen and (max-width: 1023px) {.thegem-heading.thegem-custom-heading-69df02a920c8f7019{display: block!important;}}@media screen and (max-width: 767px) {.thegem-heading.thegem-custom-heading-69df02a920c8f7019{display: block!important;}}@media screen and (max-width: 1023px) {.thegem-heading.thegem-custom-heading-69df02a920c8f7019{position: relative !important;}}@media screen and (max-width: 767px) {.thegem-heading.thegem-custom-heading-69df02a920c8f7019{position: relative !important;}}<\/style>[\/vc_column][vc_column width=&#8221;1\/4&#8243;]<div class=\"thegem-te-heading thegem-custom-69df02a920d858723\" ><h3 id=\"thegem-heading-69df02a920d6a\" class=\"thegem-heading thegem-custom-heading-69df02a920d699338 title-h4\" style=\"text-align: left;\" ><a href=\"https:\/\/skrivanek.lt\/wp-content\/uploads\/2026\/03\/Skrivanek-logo_Orange-on-White-.svg\" target=\"_blank\"><span class=\"colored\" style=\"text-decoration: underline; color: #4E172E;\">SVG format<\/span><\/a><\/h3><style type=\"text\/css\">#thegem-heading-69df02a920d6a {margin: 0;}#thegem-heading-69df02a920d6a a:hover, #thegem-heading-69df02a920d6a a:hover span.colored {color: var(--thegem-to-menu-level1-color-hover, #00BCD4) !important;}<\/style><\/div><style>@media screen and (max-width: 1023px) {.thegem-heading.thegem-custom-heading-69df02a920d699338{display: block!important;}}@media screen and (max-width: 767px) {.thegem-heading.thegem-custom-heading-69df02a920d699338{display: block!important;}}@media screen and (max-width: 1023px) {.thegem-heading.thegem-custom-heading-69df02a920d699338{position: relative !important;}}@media screen and (max-width: 767px) {.thegem-heading.thegem-custom-heading-69df02a920d699338{position: relative !important;}}<\/style><div class=\"thegem-te-heading thegem-custom-69df02a920e541861\" ><h3 id=\"thegem-heading-69df02a920e3a\" class=\"thegem-heading thegem-custom-heading-69df02a920e395297 title-h4\" style=\"text-align: left;\" ><a href=\"https:\/\/skrivanek.lt\/wp-content\/uploads\/2026\/03\/Skrivanek-logo-Orange-on-White.pdf\" target=\"_blank\"><span class=\"colored\" style=\"text-decoration: underline; color: #4E172E;\">PDF format<\/span><\/a><\/h3><style type=\"text\/css\">#thegem-heading-69df02a920e3a {margin: 0;}#thegem-heading-69df02a920e3a a:hover, #thegem-heading-69df02a920e3a a:hover span.colored {color: var(--thegem-to-menu-level1-color-hover, #00BCD4) !important;}<\/style><\/div><style>@media screen and (max-width: 1023px) {.thegem-heading.thegem-custom-heading-69df02a920e395297{display: block!important;}}@media screen and (max-width: 767px) {.thegem-heading.thegem-custom-heading-69df02a920e395297{display: block!important;}}@media screen and (max-width: 1023px) {.thegem-heading.thegem-custom-heading-69df02a920e395297{position: relative !important;}}@media screen and (max-width: 767px) {.thegem-heading.thegem-custom-heading-69df02a920e395297{position: relative !important;}}<\/style>[\/vc_column][\/vc_row]<\/p>\n<\/div>","protected":false},"excerpt":{"rendered":"<p>[vc_row full_width=&#8221;stretch_row&#8221; gap=&#8221;15&#8243; css=&#8221;.vc_custom_1770800263803{margin-bottom: 30px !important;padding-bottom: 20px !important;padding-left: 35px !important;background-image: url(https:\/\/skrivanek.lt\/wp-content\/uploads\/2025\/12\/Website-Background.jpg?id=13952) !important;background-position: center !important;background-repeat: no-repeat !important;background-size: cover !important;}&#8221;][vc_column css=&#8221;.vc_custom_1764149026182{background-color: #FFFFFF00&#8230;<\/p>\n","protected":false},"author":3,"featured_media":0,"parent":0,"menu_order":0,"comment_status":"closed","ping_status":"closed","template":"","meta":{"footnotes":""},"class_list":["post-16331","page","type-page","status-publish"],"yoast_head":"<!-- This site is optimized with the Yoast SEO plugin v27.3 - https:\/\/yoast.com\/product\/yoast-seo-wordpress\/ -->\n<title>Skrivanek logo - Skrivanek<\/title>\n<meta name=\"robots\" content=\"index, follow, max-snippet:-1, max-image-preview:large, max-video-preview:-1\" \/>\n<link rel=\"canonical\" href=\"https:\/\/skrivanek.lt\/en\/skrivanek-logo\/\" \/>\n<meta property=\"og:locale\" content=\"en_US\" \/>\n<meta property=\"og:type\" content=\"article\" \/>\n<meta property=\"og:title\" content=\"Skrivanek logo - Skrivanek\" \/>\n<meta property=\"og:description\" content=\"[vc_row full_width=&#8221;stretch_row&#8221; gap=&#8221;15&#8243; css=&#8221;.vc_custom_1770800263803{margin-bottom: 30px !important;padding-bottom: 20px !important;padding-left: 35px !important;background-image: url(https:\/\/skrivanek.lt\/wp-content\/uploads\/2025\/12\/Website-Background.jpg?id=13952) !important;background-position: center !important;background-repeat: no-repeat !important;background-size: cover !important;}&#8221;][vc_column css=&#8221;.vc_custom_1764149026182{background-color: #FFFFFF00...\" \/>\n<meta property=\"og:url\" content=\"https:\/\/skrivanek.lt\/en\/skrivanek-logo\/\" \/>\n<meta property=\"og:site_name\" content=\"Skrivanek\" \/>\n<meta property=\"article:modified_time\" content=\"2026-03-21T18:43:06+00:00\" \/>\n<meta name=\"twitter:card\" content=\"summary_large_image\" \/>\n<meta name=\"twitter:label1\" content=\"Est. reading time\" \/>\n\t<meta name=\"twitter:data1\" content=\"2 minutes\" \/>\n<script type=\"application\/ld+json\" class=\"yoast-schema-graph\">{\"@context\":\"https:\\\/\\\/schema.org\",\"@graph\":[{\"@type\":\"WebPage\",\"@id\":\"https:\\\/\\\/skrivanek.lt\\\/en\\\/skrivanek-logo\\\/\",\"url\":\"https:\\\/\\\/skrivanek.lt\\\/en\\\/skrivanek-logo\\\/\",\"name\":\"Skrivanek logo - Skrivanek\",\"isPartOf\":{\"@id\":\"https:\\\/\\\/skrivanek.lt\\\/en\\\/#website\"},\"datePublished\":\"2026-03-21T18:42:29+00:00\",\"dateModified\":\"2026-03-21T18:43:06+00:00\",\"inLanguage\":\"en-US\",\"potentialAction\":[{\"@type\":\"ReadAction\",\"target\":[\"https:\\\/\\\/skrivanek.lt\\\/en\\\/skrivanek-logo\\\/\"]}]},{\"@type\":\"WebSite\",\"@id\":\"https:\\\/\\\/skrivanek.lt\\\/en\\\/#website\",\"url\":\"https:\\\/\\\/skrivanek.lt\\\/en\\\/\",\"name\":\"Skrivanek\",\"description\":\"Kalbini\u0173 paslaug\u0173 \u012fmon\u0117\",\"potentialAction\":[{\"@type\":\"SearchAction\",\"target\":{\"@type\":\"EntryPoint\",\"urlTemplate\":\"https:\\\/\\\/skrivanek.lt\\\/en\\\/?s={search_term_string}\"},\"query-input\":{\"@type\":\"PropertyValueSpecification\",\"valueRequired\":true,\"valueName\":\"search_term_string\"}}],\"inLanguage\":\"en-US\"}]}<\/script>\n<!-- \/ Yoast SEO plugin. -->","yoast_head_json":{"title":"Skrivanek logo - Skrivanek","robots":{"index":"index","follow":"follow","max-snippet":"max-snippet:-1","max-image-preview":"max-image-preview:large","max-video-preview":"max-video-preview:-1"},"canonical":"https:\/\/skrivanek.lt\/en\/skrivanek-logo\/","og_locale":"en_US","og_type":"article","og_title":"Skrivanek logo - Skrivanek","og_description":"[vc_row full_width=&#8221;stretch_row&#8221; gap=&#8221;15&#8243; css=&#8221;.vc_custom_1770800263803{margin-bottom: 30px !important;padding-bottom: 20px !important;padding-left: 35px !important;background-image: url(https:\/\/skrivanek.lt\/wp-content\/uploads\/2025\/12\/Website-Background.jpg?id=13952) !important;background-position: center !important;background-repeat: no-repeat !important;background-size: cover !important;}&#8221;][vc_column css=&#8221;.vc_custom_1764149026182{background-color: #FFFFFF00...","og_url":"https:\/\/skrivanek.lt\/en\/skrivanek-logo\/","og_site_name":"Skrivanek","article_modified_time":"2026-03-21T18:43:06+00:00","twitter_card":"summary_large_image","twitter_misc":{"Est. reading time":"2 minutes"},"schema":{"@context":"https:\/\/schema.org","@graph":[{"@type":"WebPage","@id":"https:\/\/skrivanek.lt\/en\/skrivanek-logo\/","url":"https:\/\/skrivanek.lt\/en\/skrivanek-logo\/","name":"Skrivanek logo - Skrivanek","isPartOf":{"@id":"https:\/\/skrivanek.lt\/en\/#website"},"datePublished":"2026-03-21T18:42:29+00:00","dateModified":"2026-03-21T18:43:06+00:00","inLanguage":"en-US","potentialAction":[{"@type":"ReadAction","target":["https:\/\/skrivanek.lt\/en\/skrivanek-logo\/"]}]},{"@type":"WebSite","@id":"https:\/\/skrivanek.lt\/en\/#website","url":"https:\/\/skrivanek.lt\/en\/","name":"Skrivanek","description":"Kalbini\u0173 paslaug\u0173 \u012fmon\u0117","potentialAction":[{"@type":"SearchAction","target":{"@type":"EntryPoint","urlTemplate":"https:\/\/skrivanek.lt\/en\/?s={search_term_string}"},"query-input":{"@type":"PropertyValueSpecification","valueRequired":true,"valueName":"search_term_string"}}],"inLanguage":"en-US"}]}},"_links":{"self":[{"href":"https:\/\/skrivanek.lt\/en\/wp-json\/wp\/v2\/pages\/16331","targetHints":{"allow":["GET"]}}],"collection":[{"href":"https:\/\/skrivanek.lt\/en\/wp-json\/wp\/v2\/pages"}],"about":[{"href":"https:\/\/skrivanek.lt\/en\/wp-json\/wp\/v2\/types\/page"}],"author":[{"embeddable":true,"href":"https:\/\/skrivanek.lt\/en\/wp-json\/wp\/v2\/users\/3"}],"replies":[{"embeddable":true,"href":"https:\/\/skrivanek.lt\/en\/wp-json\/wp\/v2\/comments?post=16331"}],"version-history":[{"count":7,"href":"https:\/\/skrivanek.lt\/en\/wp-json\/wp\/v2\/pages\/16331\/revisions"}],"predecessor-version":[{"id":16339,"href":"https:\/\/skrivanek.lt\/en\/wp-json\/wp\/v2\/pages\/16331\/revisions\/16339"}],"wp:attachment":[{"href":"https:\/\/skrivanek.lt\/en\/wp-json\/wp\/v2\/media?parent=16331"}],"curies":[{"name":"wp","href":"https:\/\/api.w.org\/{rel}","templated":true}]}}